{"id":2237,"date":"2020-09-30T15:47:21","date_gmt":"2020-09-30T19:47:21","guid":{"rendered":"https:\/\/imagimex.ca\/?post_type=product&#038;p=2237"},"modified":"2025-04-01T21:26:09","modified_gmt":"2025-04-02T01:26:09","slug":"card-0885-by-c-bogle-6pack","status":"publish","type":"product","link":"https:\/\/imagimex.ca\/fr\/produit\/card-0885-by-c-bogle-6pack\/","title":{"rendered":"Card 0885 by C. Bogle &#8211; 6pack"},"content":{"rendered":"<p>Artist: C. Bogle<\/p>\n<p class=\"yellow\">Also available in gift card size<\/p>\n<p>Licensed By: Sagebrush Fine Art<\/p>\n<p>Seuls des mat\u00e9riaux respectueux de l'environnement sont utilis\u00e9s dans ce produit, notamment des encres v\u00e9g\u00e9tales et du papier k\u00e9naf.<\/p>\n<p>Ce produit est imprim\u00e9 au Canada.<\/p>","protected":false},"excerpt":{"rendered":"<p>Artist: C. Bogle Also available in gift card size Licensed By: Sagebrush Fine Art Only eco-friendly materials are used in this product including vegetable-based inks and kenaf paper. This product is printed in Canada.<\/p>","protected":false},"featured_media":601,"comment_status":"closed","ping_status":"closed","template":"","meta":{"spay_email":"","jetpack_publicize_message":"","jetpack_is_tweetstorm":false,"jetpack_publicize_feature_enabled":true},"product_cat":[19],"product_tag":[85],"bundle_layout":"","bundled_by":[],"bundled_items":[],"yoast_head":"<!-- This site is optimized with the Yoast SEO plugin v18.8 - https:\/\/yoast.com\/wordpress\/plugins\/seo\/ -->\n<title>Card 0885 by C. Bogle - 6pack - IMAGIMEX<\/title>\n<meta name=\"robots\" content=\"index, follow, max-snippet:-1, max-image-preview:large, max-video-preview:-1\" \/>\n<link rel=\"canonical\" href=\"https:\/\/imagimex.ca\/fr\/produit\/card-0885-by-c-bogle-6pack\/\" \/>\n<meta property=\"og:locale\" content=\"fr_CA\" \/>\n<meta property=\"og:type\" content=\"article\" \/>\n<meta property=\"og:title\" content=\"Card 0885 by C. Bogle - 6pack - IMAGIMEX\" \/>\n<meta property=\"og:description\" content=\"Artist: C. Bogle Also available in gift card size Licensed By: Sagebrush Fine Art Only eco-friendly materials are used in this product including vegetable-based inks and kenaf paper. This product is printed in Canada.\" \/>\n<meta property=\"og:url\" content=\"https:\/\/imagimex.ca\/fr\/produit\/card-0885-by-c-bogle-6pack\/\" \/>\n<meta property=\"og:site_name\" content=\"IMAGIMEX\" \/>\n<meta property=\"article:modified_time\" content=\"2025-04-02T01:26:09+00:00\" \/>\n<meta property=\"og:image\" content=\"https:\/\/imagimex.ca\/wp-content\/uploads\/2020\/06\/Card-0885-by-C.-Bogle.jpg\" \/>\n\t<meta property=\"og:image:width\" content=\"500\" \/>\n\t<meta property=\"og:image:height\" content=\"360\" \/>\n\t<meta property=\"og:image:type\" content=\"image\/jpeg\" \/>\n<meta name=\"twitter:card\" content=\"summary_large_image\" \/>\n<script type=\"application\/ld+json\" class=\"yoast-schema-graph\">{\"@context\":\"https:\/\/schema.org\",\"@graph\":[{\"@type\":\"WebSite\",\"@id\":\"https:\/\/imagimex.ca\/#website\",\"url\":\"https:\/\/imagimex.ca\/\",\"name\":\"IMAGIMEX\",\"description\":\"Greeting Cards, Bookmarks, Puzzles, Games, Paint Kits\",\"potentialAction\":[{\"@type\":\"SearchAction\",\"target\":{\"@type\":\"EntryPoint\",\"urlTemplate\":\"https:\/\/imagimex.ca\/?s={search_term_string}\"},\"query-input\":\"required name=search_term_string\"}],\"inLanguage\":\"fr-CA\"},{\"@type\":\"ImageObject\",\"inLanguage\":\"fr-CA\",\"@id\":\"https:\/\/imagimex.ca\/product\/card-0885-by-c-bogle-6pack\/#primaryimage\",\"url\":\"https:\/\/imagimex.ca\/wp-content\/uploads\/2020\/06\/Card-0885-by-C.-Bogle.jpg\",\"contentUrl\":\"https:\/\/imagimex.ca\/wp-content\/uploads\/2020\/06\/Card-0885-by-C.-Bogle.jpg\",\"width\":500,\"height\":360},{\"@type\":\"WebPage\",\"@id\":\"https:\/\/imagimex.ca\/product\/card-0885-by-c-bogle-6pack\/#webpage\",\"url\":\"https:\/\/imagimex.ca\/product\/card-0885-by-c-bogle-6pack\/\",\"name\":\"Card 0885 by C. Bogle - 6pack - IMAGIMEX\",\"isPartOf\":{\"@id\":\"https:\/\/imagimex.ca\/#website\"},\"primaryImageOfPage\":{\"@id\":\"https:\/\/imagimex.ca\/product\/card-0885-by-c-bogle-6pack\/#primaryimage\"},\"datePublished\":\"2020-09-30T19:47:21+00:00\",\"dateModified\":\"2025-04-02T01:26:09+00:00\",\"breadcrumb\":{\"@id\":\"https:\/\/imagimex.ca\/product\/card-0885-by-c-bogle-6pack\/#breadcrumb\"},\"inLanguage\":\"fr-CA\",\"potentialAction\":[{\"@type\":\"ReadAction\",\"target\":[\"https:\/\/imagimex.ca\/product\/card-0885-by-c-bogle-6pack\/\"]}]},{\"@type\":\"BreadcrumbList\",\"@id\":\"https:\/\/imagimex.ca\/product\/card-0885-by-c-bogle-6pack\/#breadcrumb\",\"itemListElement\":[{\"@type\":\"ListItem\",\"position\":1,\"name\":\"Home\",\"item\":\"https:\/\/imagimex.ca\/\"},{\"@type\":\"ListItem\",\"position\":2,\"name\":\"Shop\",\"item\":\"https:\/\/imagimex.ca\/shop\/\"},{\"@type\":\"ListItem\",\"position\":3,\"name\":\"Card 0885 by C. Bogle &#8211; 6pack\"}]}]}<\/script>\n<!-- \/ Yoast SEO plugin. -->","yoast_head_json":{"title":"Card 0885 by C. Bogle - 6pack - IMAGIMEX","robots":{"index":"index","follow":"follow","max-snippet":"max-snippet:-1","max-image-preview":"max-image-preview:large","max-video-preview":"max-video-preview:-1"},"canonical":"https:\/\/imagimex.ca\/fr\/produit\/card-0885-by-c-bogle-6pack\/","og_locale":"fr_CA","og_type":"article","og_title":"Card 0885 by C. Bogle - 6pack - IMAGIMEX","og_description":"Artist: C. Bogle Also available in gift card size Licensed By: Sagebrush Fine Art Only eco-friendly materials are used in this product including vegetable-based inks and kenaf paper. This product is printed in Canada.","og_url":"https:\/\/imagimex.ca\/fr\/produit\/card-0885-by-c-bogle-6pack\/","og_site_name":"IMAGIMEX","article_modified_time":"2025-04-02T01:26:09+00:00","og_image":[{"width":500,"height":360,"url":"https:\/\/imagimex.ca\/wp-content\/uploads\/2020\/06\/Card-0885-by-C.-Bogle.jpg","type":"image\/jpeg"}],"twitter_card":"summary_large_image","schema":{"@context":"https:\/\/schema.org","@graph":[{"@type":"WebSite","@id":"https:\/\/imagimex.ca\/#website","url":"https:\/\/imagimex.ca\/","name":"IMAGIMEX","description":"Greeting Cards, Bookmarks, Puzzles, Games, Paint Kits","potentialAction":[{"@type":"SearchAction","target":{"@type":"EntryPoint","urlTemplate":"https:\/\/imagimex.ca\/?s={search_term_string}"},"query-input":"required name=search_term_string"}],"inLanguage":"fr-CA"},{"@type":"ImageObject","inLanguage":"fr-CA","@id":"https:\/\/imagimex.ca\/product\/card-0885-by-c-bogle-6pack\/#primaryimage","url":"https:\/\/imagimex.ca\/wp-content\/uploads\/2020\/06\/Card-0885-by-C.-Bogle.jpg","contentUrl":"https:\/\/imagimex.ca\/wp-content\/uploads\/2020\/06\/Card-0885-by-C.-Bogle.jpg","width":500,"height":360},{"@type":"WebPage","@id":"https:\/\/imagimex.ca\/product\/card-0885-by-c-bogle-6pack\/#webpage","url":"https:\/\/imagimex.ca\/product\/card-0885-by-c-bogle-6pack\/","name":"Card 0885 by C. Bogle - 6pack - IMAGIMEX","isPartOf":{"@id":"https:\/\/imagimex.ca\/#website"},"primaryImageOfPage":{"@id":"https:\/\/imagimex.ca\/product\/card-0885-by-c-bogle-6pack\/#primaryimage"},"datePublished":"2020-09-30T19:47:21+00:00","dateModified":"2025-04-02T01:26:09+00:00","breadcrumb":{"@id":"https:\/\/imagimex.ca\/product\/card-0885-by-c-bogle-6pack\/#breadcrumb"},"inLanguage":"fr-CA","potentialAction":[{"@type":"ReadAction","target":["https:\/\/imagimex.ca\/product\/card-0885-by-c-bogle-6pack\/"]}]},{"@type":"BreadcrumbList","@id":"https:\/\/imagimex.ca\/product\/card-0885-by-c-bogle-6pack\/#breadcrumb","itemListElement":[{"@type":"ListItem","position":1,"name":"Home","item":"https:\/\/imagimex.ca\/"},{"@type":"ListItem","position":2,"name":"Shop","item":"https:\/\/imagimex.ca\/shop\/"},{"@type":"ListItem","position":3,"name":"Card 0885 by C. Bogle &#8211; 6pack"}]}]}},"_links":{"self":[{"href":"https:\/\/imagimex.ca\/fr\/wp-json\/wp\/v2\/product\/2237"}],"collection":[{"href":"https:\/\/imagimex.ca\/fr\/wp-json\/wp\/v2\/product"}],"about":[{"href":"https:\/\/imagimex.ca\/fr\/wp-json\/wp\/v2\/types\/product"}],"replies":[{"embeddable":true,"href":"https:\/\/imagimex.ca\/fr\/wp-json\/wp\/v2\/comments?post=2237"}],"wp:featuredmedia":[{"embeddable":true,"href":"https:\/\/imagimex.ca\/fr\/wp-json\/wp\/v2\/media\/601"}],"wp:attachment":[{"href":"https:\/\/imagimex.ca\/fr\/wp-json\/wp\/v2\/media?parent=2237"}],"wp:term":[{"taxonomy":"product_cat","embeddable":true,"href":"https:\/\/imagimex.ca\/fr\/wp-json\/wp\/v2\/product_cat?post=2237"},{"taxonomy":"product_tag","embeddable":true,"href":"https:\/\/imagimex.ca\/fr\/wp-json\/wp\/v2\/product_tag?post=2237"}],"curies":[{"name":"wp","href":"https:\/\/api.w.org\/{rel}","templated":true}]}}